{"id":228,"date":"2024-02-04T15:44:23","date_gmt":"2024-02-04T14:44:23","guid":{"rendered":"http:\/\/s987505773.online.de\/?page_id=228"},"modified":"2024-05-28T21:12:24","modified_gmt":"2024-05-28T19:12:24","slug":"impressum","status":"publish","type":"page","link":"https:\/\/lukaskrauss.de\/en\/impressum\/","title":{"rendered":"Imprint"},"content":{"rendered":"<h2 class=\"wp-block-heading\">Information according to \u00a7 5 TMG<\/h2>\n\n\n\n<p>Weingut Krau\u00df GbR<br>Stadtgrabenstra\u00dfe 1<br>67245 Lambsheim<\/p>\n\n\n\n<p><strong>Represented by:<\/strong><br>Harald and Lukas Krau\u00df<\/p>\n\n\n\n<p>Contact<\/p>\n\n\n\n<p>Phone: +49 6233 55688<br><br>Lukas Krau\u00df +49 177 86 31 760<br>Harald Krau\u00df +49 162 48 48 304<br><br>Fax: +49 6233 506667<br>E-Mail: hut@lukaskrauss.de<\/p>\n\n\n\n<p>Postal address<br><br>Wine tasting and sales<br>Weisenheimer Stra\u00dfe 23<br>67245 Lambsheim<br><br>Office\/shipping address<br>Stadtgrabenstra\u00dfe 1<br>67245 Lambsheim<\/p>\n\n\n\n<p>VAT ID<\/p>\n\n\n\n<p>VAT identification number according to \u00a7 27 a of the Value Added Tax Act:<br>DE 999 999 999<\/p>\n\n\n\n<p><strong>Compliance with the requirements of the EU Organic Regulation is monitored by DE-\u00d6KO-022.<\/strong><\/p>\n\n\n\n<p>Information about professional liability insurance<\/p>\n\n\n\n<p><strong>Name and registered office of the insurer:<\/strong><br>Agricultural Employers' Liability Insurance Association<br>34105 Kassel<\/p>\n\n\n\n<p><strong>Scope of insurance:<\/strong><br>Germany<\/p>\n\n\n\n<p>Responsible for content according to \u00a7 55 Abs. 2 RStV<\/p>\n\n\n\n<p>Harald and Lukas Krau\u00df<\/p>\n\n\n\n<p>EU dispute resolution<\/p>\n\n\n\n<p>The European Commission provides a platform for online dispute resolution (OS):&nbsp;<a href=\"https:\/\/ec.europa.eu\/consumers\/odr\">https:\/\/ec.europa.eu\/consumers\/odr<\/a>.<br>You can find our email address above in the imprint.<\/p>\n\n\n\n<p>Consumer dispute resolution\/universal arbitration board<\/p>\n\n\n\n<p>We are not willing or obliged to participate in dispute resolution proceedings before a consumer arbitration board.<\/p>\n\n\n\n<p>Liability for content<\/p>\n\n\n\n<p>As a service provider, we are responsible for our own content on these pages in accordance with \u00a7 7 para.1 TMG (German Telemedia Act) and general laws. However, according to \u00a7\u00a7 8 to 10 TMG, we are not obliged as a service provider to monitor transmitted or stored third-party information or to investigate circumstances that indicate illegal activity.<\/p>\n\n\n\n<p>Obligations to remove or block the use of information according to general laws remain unaffected by this. However, liability in this regard is only possible from the time of knowledge of a concrete infringement. If we become aware of any such legal infringements, we will remove the content immediately.<\/p>\n\n\n\n<p>Liability for links<\/p>\n\n\n\n<p>Our offer contains links to external websites of third parties, on whose contents we have no influence. Therefore, we cannot assume any liability for these external contents. The respective provider or operator of the pages is always responsible for the contents of the linked pages. The linked pages were checked for possible legal violations at the time of linking. Illegal contents were not recognizable at the time of linking.<\/p>\n\n\n\n<p>However, a permanent control of the contents of the linked pages is not reasonable without concrete evidence of a violation of law. If we become aware of any infringements, we will remove such links immediately.<\/p>\n\n\n\n<p>Copyright<\/p>\n\n\n\n<p>The content and works created by the site operators on these pages are subject to German copyright law. The duplication, processing, distribution and any kind of use outside the limits of copyright law require the written consent of the respective author or creator. Downloads and copies of these pages are only permitted for private, non-commercial use.<\/p>\n\n\n\n<p>Insofar as the content on this site was not created by the operator, the copyrights of third parties are respected. In particular, third-party content is identified as such. Should you nevertheless become aware of a copyright infringement, please inform us accordingly. If we become aware of any infringements, we will remove such content immediately.<\/p>\n\n\n\n<p>Source: e-recht24.de&nbsp;<a href=\"https:\/\/www.e-recht24.de\">e-recht24.de<\/a><\/p>","protected":false},"excerpt":{"rendered":"<p>Angaben gem\u00e4\u00df \u00a7 5 TMG Weingut Krau\u00df GbRStadtgrabenstra\u00dfe 167245 Lambsheim Vertreten durch:Harald und Lukas Krau\u00df Kontakt Telefon: 06233 55688 Lukas Krau\u00df 0177 86 31 760Harald Krau\u00df 0162 48 48 304 Telefax: 06233 506667E-Mail: hut@lukaskrauss.de Postadresse Weinprobe und VerkaufWeisenheimer Stra\u00dfe 2367245 Lambsheim B\u00fcro\/VersandadresseStadtgrabenstra\u00dfe 167245 Lambsheim Umsatzsteuer-ID Umsatzsteuer-Identifikationsnummer gem\u00e4\u00df \u00a7 27 a[&#8230;]<\/p>","protected":false},"author":1,"featured_media":0,"parent":0,"menu_order":0,"comment_status":"closed","ping_status":"closed","template":"template-fullwidth.php","meta":{"footnotes":""},"class_list":["post-228","page","type-page","status-publish","hentry"],"yoast_head":"<!-- This site is optimized with the Yoast SEO plugin v26.9 - https:\/\/yoast.com\/product\/yoast-seo-wordpress\/ -->\n<title>Impressum - Weingut Lukas Krau\u00df<\/title>\n<meta name=\"robots\" content=\"noindex, nofollow\" \/>\n<meta property=\"og:locale\" content=\"en_US\" \/>\n<meta property=\"og:type\" content=\"article\" \/>\n<meta property=\"og:title\" content=\"Impressum - Weingut Lukas Krau\u00df\" \/>\n<meta property=\"og:description\" content=\"Angaben gem\u00e4\u00df \u00a7 5 TMG Weingut Krau\u00df GbRStadtgrabenstra\u00dfe 167245 Lambsheim Vertreten durch:Harald und Lukas Krau\u00df Kontakt Telefon: 06233 55688 Lukas Krau\u00df 0177 86 31 760Harald Krau\u00df 0162 48 48 304 Telefax: 06233 506667E-Mail: hut@lukaskrauss.de Postadresse Weinprobe und VerkaufWeisenheimer Stra\u00dfe 2367245 Lambsheim B\u00fcro\/VersandadresseStadtgrabenstra\u00dfe 167245 Lambsheim Umsatzsteuer-ID Umsatzsteuer-Identifikationsnummer gem\u00e4\u00df \u00a7 27 a[...]\" \/>\n<meta property=\"og:url\" content=\"https:\/\/lukaskrauss.de\/en\/impressum\/\" \/>\n<meta property=\"og:site_name\" content=\"Weingut Lukas Krau\u00df\" \/>\n<meta property=\"article:modified_time\" content=\"2024-05-28T19:12:24+00:00\" \/>\n<meta name=\"twitter:card\" content=\"summary_large_image\" \/>\n<meta name=\"twitter:label1\" content=\"Est. reading time\" \/>\n\t<meta name=\"twitter:data1\" content=\"3 minutes\" \/>\n<script type=\"application\/ld+json\" class=\"yoast-schema-graph\">{\"@context\":\"https:\/\/schema.org\",\"@graph\":[{\"@type\":\"WebPage\",\"@id\":\"https:\/\/lukaskrauss.de\/impressum\/\",\"url\":\"https:\/\/lukaskrauss.de\/impressum\/\",\"name\":\"Impressum - Weingut Lukas Krau\u00df\",\"isPartOf\":{\"@id\":\"https:\/\/lukaskrauss.de\/#website\"},\"datePublished\":\"2024-02-04T14:44:23+00:00\",\"dateModified\":\"2024-05-28T19:12:24+00:00\",\"breadcrumb\":{\"@id\":\"https:\/\/lukaskrauss.de\/impressum\/#breadcrumb\"},\"inLanguage\":\"en-US\",\"potentialAction\":[{\"@type\":\"ReadAction\",\"target\":[\"https:\/\/lukaskrauss.de\/impressum\/\"]}]},{\"@type\":\"BreadcrumbList\",\"@id\":\"https:\/\/lukaskrauss.de\/impressum\/#breadcrumb\",\"itemListElement\":[{\"@type\":\"ListItem\",\"position\":1,\"name\":\"Startseite\",\"item\":\"https:\/\/lukaskrauss.de\/\"},{\"@type\":\"ListItem\",\"position\":2,\"name\":\"Impressum\"}]},{\"@type\":\"WebSite\",\"@id\":\"https:\/\/lukaskrauss.de\/#website\",\"url\":\"https:\/\/lukaskrauss.de\/\",\"name\":\"Weingut Lukas Krau\u00df\",\"description\":\"\",\"potentialAction\":[{\"@type\":\"SearchAction\",\"target\":{\"@type\":\"EntryPoint\",\"urlTemplate\":\"https:\/\/lukaskrauss.de\/?s={search_term_string}\"},\"query-input\":{\"@type\":\"PropertyValueSpecification\",\"valueRequired\":true,\"valueName\":\"search_term_string\"}}],\"inLanguage\":\"en-US\"}]}<\/script>\n<!-- \/ Yoast SEO plugin. -->","yoast_head_json":{"title":"Impressum - Weingut Lukas Krau\u00df","robots":{"index":"noindex","follow":"nofollow"},"og_locale":"en_US","og_type":"article","og_title":"Impressum - Weingut Lukas Krau\u00df","og_description":"Angaben gem\u00e4\u00df \u00a7 5 TMG Weingut Krau\u00df GbRStadtgrabenstra\u00dfe 167245 Lambsheim Vertreten durch:Harald und Lukas Krau\u00df Kontakt Telefon: 06233 55688 Lukas Krau\u00df 0177 86 31 760Harald Krau\u00df 0162 48 48 304 Telefax: 06233 506667E-Mail: hut@lukaskrauss.de Postadresse Weinprobe und VerkaufWeisenheimer Stra\u00dfe 2367245 Lambsheim B\u00fcro\/VersandadresseStadtgrabenstra\u00dfe 167245 Lambsheim Umsatzsteuer-ID Umsatzsteuer-Identifikationsnummer gem\u00e4\u00df \u00a7 27 a[...]","og_url":"https:\/\/lukaskrauss.de\/en\/impressum\/","og_site_name":"Weingut Lukas Krau\u00df","article_modified_time":"2024-05-28T19:12:24+00:00","twitter_card":"summary_large_image","twitter_misc":{"Est. reading time":"3 minutes"},"schema":{"@context":"https:\/\/schema.org","@graph":[{"@type":"WebPage","@id":"https:\/\/lukaskrauss.de\/impressum\/","url":"https:\/\/lukaskrauss.de\/impressum\/","name":"Impressum - Weingut Lukas Krau\u00df","isPartOf":{"@id":"https:\/\/lukaskrauss.de\/#website"},"datePublished":"2024-02-04T14:44:23+00:00","dateModified":"2024-05-28T19:12:24+00:00","breadcrumb":{"@id":"https:\/\/lukaskrauss.de\/impressum\/#breadcrumb"},"inLanguage":"en-US","potentialAction":[{"@type":"ReadAction","target":["https:\/\/lukaskrauss.de\/impressum\/"]}]},{"@type":"BreadcrumbList","@id":"https:\/\/lukaskrauss.de\/impressum\/#breadcrumb","itemListElement":[{"@type":"ListItem","position":1,"name":"Startseite","item":"https:\/\/lukaskrauss.de\/"},{"@type":"ListItem","position":2,"name":"Impressum"}]},{"@type":"WebSite","@id":"https:\/\/lukaskrauss.de\/#website","url":"https:\/\/lukaskrauss.de\/","name":"Weingut Lukas Krau\u00df","description":"","potentialAction":[{"@type":"SearchAction","target":{"@type":"EntryPoint","urlTemplate":"https:\/\/lukaskrauss.de\/?s={search_term_string}"},"query-input":{"@type":"PropertyValueSpecification","valueRequired":true,"valueName":"search_term_string"}}],"inLanguage":"en-US"}]}},"_links":{"self":[{"href":"https:\/\/lukaskrauss.de\/en\/wp-json\/wp\/v2\/pages\/228","targetHints":{"allow":["GET"]}}],"collection":[{"href":"https:\/\/lukaskrauss.de\/en\/wp-json\/wp\/v2\/pages"}],"about":[{"href":"https:\/\/lukaskrauss.de\/en\/wp-json\/wp\/v2\/types\/page"}],"author":[{"embeddable":true,"href":"https:\/\/lukaskrauss.de\/en\/wp-json\/wp\/v2\/users\/1"}],"replies":[{"embeddable":true,"href":"https:\/\/lukaskrauss.de\/en\/wp-json\/wp\/v2\/comments?post=228"}],"version-history":[{"count":3,"href":"https:\/\/lukaskrauss.de\/en\/wp-json\/wp\/v2\/pages\/228\/revisions"}],"predecessor-version":[{"id":319,"href":"https:\/\/lukaskrauss.de\/en\/wp-json\/wp\/v2\/pages\/228\/revisions\/319"}],"wp:attachment":[{"href":"https:\/\/lukaskrauss.de\/en\/wp-json\/wp\/v2\/media?parent=228"}],"curies":[{"name":"wp","href":"https:\/\/api.w.org\/{rel}","templated":true}]}}